{"id":80,"date":"2019-03-19T11:58:40","date_gmt":"2019-03-19T11:58:40","guid":{"rendered":"http:\/\/hypnotherapieloosduinen.nl\/?page_id=80"},"modified":"2025-12-31T12:29:11","modified_gmt":"2025-12-31T11:29:11","slug":"algemene-voorwaarden","status":"publish","type":"page","link":"https:\/\/hypnotherapieloosduinen.nl\/?page_id=80","title":{"rendered":"Algemene Voorwaarden"},"content":{"rendered":"\n<p>Deze Algemene Voorwaarden zijn van toepassing op alle overeenkomsten en diensten van Praktijk Hypnotherapie Loosduinen. De Praktijk behoudt zich het recht voor deze algemene voorwaarden in de toekomst aan te passen of te wijzigen.<br>De behandelaar in deze praktijk is Jeannot Kant. De cli\u00ebnt sluit samen met hem een behandelovereenkomst waarin rechten en plichten van beide zijden zijn geregeld. Hierin staan ook de belangrijkste formele gegevens van de cli\u00ebnt en\u00a0de gemaakte hulpverleningsafspraken. De behandelovereenkomst wordt door de cli\u00ebnt en Jeannot Kant ondertekend en voorzien van een dagtekening. <br>Consulten, gesprekken, sessies en andere contacten die in welke vorm dan ook tussen Jeannot Kant en zijn cli\u00ebnt(en) plaatsvinden, worden als strikt vertrouwelijk beschouwd. Jeannot Kant zal nooit enige mededeling doen aan derde partijen, over de inhoud en het verloop van deze contacten tenzij de cli\u00ebnt hiervoor uitdrukkelijk toestemming heeft verleend.<br>Deelname aan een hypnose sessie of consult is vrijwillig. Omdat geen enkele therapie 100% garanties biedt kan ook Jeannot Kant geen garanties op het eindresultaat garanderen. Hij kan wel garanderen dat hij zijn uiterste best zal doen om zijn cli\u00ebnt te helpen en daarbij maakt hij gebruik van gangbare en beproefde technieken binnen de hypnotherapie en ondersteunende werksoorten. De cli\u00ebnt is verantwoordelijk voor zichzelf en voor zijn\/haar daden tijdens en na de hypnose sessie, behandeling en\/of consult.<br>Jeannot Kant aanvaardt geen aansprakelijkheid als blijkt dat de cli\u00ebnt onverantwoord handelt, dan wel zonder overleg andere therapie\u00ebn aangaat of is aangegaan dan wel enige medische of andere, voor de therapie belangwekkende informatie, heeft verzwegen of achtergehouden.<br>Jeannot Kant is niet aansprakelijk voor indirecte schade zoals o.a. gevolgschade, gederfde winst en schade door bedrijfsstagnatie. De cli\u00ebnt vrijwaart hem tegen alle aanspraken van derden terzake.<br>Jeannot Kant is niet aansprakelijk voor persoonlijk letsel of ziekte, noch voor schade aan eigendommen van cli\u00ebnten, noch voor schade veroorzaakt door cli\u00ebnten voortvloeiend uit of verband houdend met de behandelingen, sessies en consulten.<br>Jeannot Kant verplicht zich de cli\u00ebnt door te verwijzen naar een collega, zorgverlener of arts, indien de behandeling niet ge\u00ebigend en\/of toereikend is.<br>Jeannot Kant behoudt zich het recht voor om cli\u00ebnten (met opgave van redenen) te weigeren. Hij kan de overeenkomst eenzijdig onder vermelding van argumenten be\u00ebindigen, indien redelijkerwijs niet van hem kan worden gevergd dat hij de overeenkomst voortzet.<br>Indien de cli\u00ebnt voortzetting van de behandeling niet langer op prijs stelt of nodig acht, kan de cli\u00ebnt deze eenzijdig be\u00ebindigen (met inachtneming van het tijdig afzeggen van een afspraak).<br>De cli\u00ebnt verplicht zich een afspraak tijdig (minimaal 24 uur van tevoren) af te zeggen, anders kunnen de kosten van de sessie in rekening worden gebracht.<br>Jeannot Kant verplicht zich aan het tarief te houden zoals beschreven op de website. Betalingswijze van de behandeling is contant of via bankoverschrijving per sessie. In de praktijk is er geen mogelijkheid tot pinnen. Een factuur wordt na de behandeling meteen meegegeven of nagestuurd.<\/p>\n","protected":false},"excerpt":{"rendered":"<p>Deze Algemene Voorwaarden zijn van toepassing op alle overeenkomsten en diensten van Praktijk Hypnotherapie Loosduinen. De Praktijk behoudt zich het recht voor deze algemene voorwaarden in de toekomst aan te passen of te wijzigen.De behandelaar in deze praktijk is Jeannot Kant. De cli\u00ebnt sluit samen met hem een behandelovereenkomst waarin rechten en plichten van beide &hellip; <\/p>\n<p class=\"link-more\"><a href=\"https:\/\/hypnotherapieloosduinen.nl\/?page_id=80\" class=\"more-link\"><span class=\"screen-reader-text\">&#8220;Algemene Voorwaarden&#8221;<\/span> verder lezen<\/a><\/p>\n","protected":false},"author":1,"featured_media":0,"parent":0,"menu_order":0,"comment_status":"closed","ping_status":"closed","template":"","meta":[],"_links":{"self":[{"href":"https:\/\/hypnotherapieloosduinen.nl\/index.php?rest_route=\/wp\/v2\/pages\/80"}],"collection":[{"href":"https:\/\/hypnotherapieloosduinen.nl\/index.php?rest_route=\/wp\/v2\/pages"}],"about":[{"href":"https:\/\/hypnotherapieloosduinen.nl\/index.php?rest_route=\/wp\/v2\/types\/page"}],"author":[{"embeddable":true,"href":"https:\/\/hypnotherapieloosduinen.nl\/index.php?rest_route=\/wp\/v2\/users\/1"}],"replies":[{"embeddable":true,"href":"https:\/\/hypnotherapieloosduinen.nl\/index.php?rest_route=%2Fwp%2Fv2%2Fcomments&post=80"}],"version-history":[{"count":3,"href":"https:\/\/hypnotherapieloosduinen.nl\/index.php?rest_route=\/wp\/v2\/pages\/80\/revisions"}],"predecessor-version":[{"id":181,"href":"https:\/\/hypnotherapieloosduinen.nl\/index.php?rest_route=\/wp\/v2\/pages\/80\/revisions\/181"}],"wp:attachment":[{"href":"https:\/\/hypnotherapieloosduinen.nl\/index.php?rest_route=%2Fwp%2Fv2%2Fmedia&parent=80"}],"curies":[{"name":"wp","href":"https:\/\/api.w.org\/{rel}","templated":true}]}}